{"id":96,"date":"2020-01-04T21:32:31","date_gmt":"2020-01-04T21:32:31","guid":{"rendered":"https:\/\/ashapes.ch\/?page_id=96"},"modified":"2021-03-23T09:07:25","modified_gmt":"2021-03-23T09:07:25","slug":"fins","status":"publish","type":"page","link":"https:\/\/ashapes.ch\/?page_id=96","title":{"rendered":"Bungee-Surf Kurse"},"content":{"rendered":"\n<p><strong>Lerne mit uns Bungeesurfen!<br><br>Mitnehmen<\/strong><br>Badehosen \/ Bikini, Badetuch, Trinkwasser.<br>Je nach wetter : eigener Wetsuit<br><br>(Surfbretter und Seil  werden zur Verf\u00fcgung gestellt.)<\/p>\n\n\n\n<p><strong>Voraussetzungen<\/strong><br>Die Teilnehmenden m\u00fcssen mit dem Schwimmen in fliessenden Gew\u00e4ssern vertraut sein. Personen unter 18 Jahren ist die Teilnahme nur mit ausdr\u00fccklicher Best\u00e4tigung der Eltern Erlaubt. (Eltern sind auch als zuschauer herzlich willkommen)<\/p>\n\n\n\n<p><strong>Levels<\/strong><\/p>\n\n\n\n<p><strong>Level 1<\/strong>  :  noch keine Erfahrung am Bungee, erlernen vom verhalten im Fluss sowie Technik und evt. schon erste Man\u00f6ver <\/p>\n\n\n\n<p><strong>Level 2<\/strong> :  Ist f\u00fcr Surfer mit einer gewissen Erfahrung im Fluss, es Wirt an der Technik gefeilt sowie tipps und tricks mitgegeben f\u00fcr sch\u00e4rfere turns usw.<\/p>\n\n\n\n<p><strong>Versicherung<\/strong><br>Versicherung ist Sache der Teilnehmenden.<\/p>\n\n\n\n<p><strong>Annulation<\/strong><br>Ist das durchf\u00fchren des Kurses aufgrund \u00e4usserer Gegebenheiten (z.B. Unwetter) nicht m\u00f6glich, so werden die Teilnehmenden fr\u00fchzeitig informiert. <\/p>\n\n\n\n<p><br><strong>Teilnehmerzahl<\/strong><br>Um genug oft zu surfen ist unsere Teilnehmerzahl auf <strong>7-8<\/strong> Personen begrenzt. So versichern wir das jeder genug zeit am Seil hat sowie auch die n\u00f6tige Sicherheit gew\u00e4hrleistet werden kann.<br><br><strong>Kursleiter<br><\/strong>Alle Kursleiter verf\u00fcgen \u00fcber mindestens 2-4-j\u00e4hrige Bungeesurferfahrung. <\/p>\n\n\n\n<p><strong>Preise<\/strong><br>Pro Person <strong>40CHF<\/strong> ( <strong>90min<\/strong> eine Lektion)<\/p>\n\n\n\n<p>Seit ihr eine Gruppen von <strong>8 Personen<\/strong> so liegt der Gruppen Preis bei <strong>270CHF<\/strong><\/p>\n\n\n\n<p><\/p>\n\n\n\n<p><strong>Weitere Fragen<\/strong><br>Schreib uns eine <strong>Email an ashapes.ch<\/strong> , um weitere Fragen zu beantworten !<\/p>\n\n\n\n<div class=\"wp-block-image\"><figure class=\"aligncenter size-large is-resized\"><img decoding=\"async\" loading=\"lazy\" src=\"https:\/\/ashapes.ch\/wp-content\/uploads\/2021\/03\/F2E28B14-55EE-421B-8B49-1A2674BAC90F-1-1024x683.jpeg\" alt=\"\" class=\"wp-image-215\" width=\"661\" height=\"440\" srcset=\"https:\/\/ashapes.ch\/wp-content\/uploads\/2021\/03\/F2E28B14-55EE-421B-8B49-1A2674BAC90F-1-1024x683.jpeg 1024w, https:\/\/ashapes.ch\/wp-content\/uploads\/2021\/03\/F2E28B14-55EE-421B-8B49-1A2674BAC90F-1-300x200.jpeg 300w, https:\/\/ashapes.ch\/wp-content\/uploads\/2021\/03\/F2E28B14-55EE-421B-8B49-1A2674BAC90F-1-768x512.jpeg 768w, https:\/\/ashapes.ch\/wp-content\/uploads\/2021\/03\/F2E28B14-55EE-421B-8B49-1A2674BAC90F-1-1536x1024.jpeg 1536w, https:\/\/ashapes.ch\/wp-content\/uploads\/2021\/03\/F2E28B14-55EE-421B-8B49-1A2674BAC90F-1-174x116.jpeg 174w, https:\/\/ashapes.ch\/wp-content\/uploads\/2021\/03\/F2E28B14-55EE-421B-8B49-1A2674BAC90F-1.jpeg 2048w\" sizes=\"(max-width: 661px) 100vw, 661px\" \/><\/figure><\/div>\n\n\n\n<div class=\"wp-block-image\"><figure class=\"aligncenter size-large is-resized\"><img decoding=\"async\" loading=\"lazy\" src=\"https:\/\/ashapes.ch\/wp-content\/uploads\/2021\/03\/4B345CC6-33EA-4025-B774-5631838B80BC-683x1024.jpeg\" alt=\"\" class=\"wp-image-214\" width=\"411\" height=\"615\" srcset=\"https:\/\/ashapes.ch\/wp-content\/uploads\/2021\/03\/4B345CC6-33EA-4025-B774-5631838B80BC-683x1024.jpeg 683w, https:\/\/ashapes.ch\/wp-content\/uploads\/2021\/03\/4B345CC6-33EA-4025-B774-5631838B80BC-200x300.jpeg 200w, https:\/\/ashapes.ch\/wp-content\/uploads\/2021\/03\/4B345CC6-33EA-4025-B774-5631838B80BC-77x116.jpeg 77w\" sizes=\"(max-width: 411px) 100vw, 411px\" \/><\/figure><\/div>\n","protected":false},"excerpt":{"rendered":"<p>Lerne mit uns Bungeesurfen! MitnehmenBadehosen \/ Bikini, Badetuch, Trinkwasser.Je nach wetter : eigener Wetsuit (Surfbretter und Seil werden zur Verf\u00fcgung gestellt.) VoraussetzungenDie Teilnehmenden m\u00fcssen mit &hellip; <\/p>\n","protected":false},"author":1,"featured_media":0,"parent":0,"menu_order":0,"comment_status":"closed","ping_status":"closed","template":"","meta":{"spay_email":"","footnotes":""},"_links":{"self":[{"href":"https:\/\/ashapes.ch\/index.php?rest_route=\/wp\/v2\/pages\/96"}],"collection":[{"href":"https:\/\/ashapes.ch\/index.php?rest_route=\/wp\/v2\/pages"}],"about":[{"href":"https:\/\/ashapes.ch\/index.php?rest_route=\/wp\/v2\/types\/page"}],"author":[{"embeddable":true,"href":"https:\/\/ashapes.ch\/index.php?rest_route=\/wp\/v2\/users\/1"}],"replies":[{"embeddable":true,"href":"https:\/\/ashapes.ch\/index.php?rest_route=%2Fwp%2Fv2%2Fcomments&post=96"}],"version-history":[{"count":4,"href":"https:\/\/ashapes.ch\/index.php?rest_route=\/wp\/v2\/pages\/96\/revisions"}],"predecessor-version":[{"id":217,"href":"https:\/\/ashapes.ch\/index.php?rest_route=\/wp\/v2\/pages\/96\/revisions\/217"}],"wp:attachment":[{"href":"https:\/\/ashapes.ch\/index.php?rest_route=%2Fwp%2Fv2%2Fmedia&parent=96"}],"curies":[{"name":"wp","href":"https:\/\/api.w.org\/{rel}","templated":true}]}}